{"id":634,"date":"2026-02-12T18:02:20","date_gmt":"2026-02-12T18:02:20","guid":{"rendered":"https:\/\/marionremedi.com\/?page_id=634"},"modified":"2026-04-08T09:32:26","modified_gmt":"2026-04-08T09:32:26","slug":"about-v","status":"publish","type":"page","link":"https:\/\/marionremedi.com\/es\/about-v\/","title":{"rendered":"About OK"},"content":{"rendered":"<div class=\"bm-builder clearfix\"><div id=\"\" class=\"module col-4 module-id-1770835960891 bm-wrap row-top row-left keep-origin-layout-mobile bm-wrap-height-auto\" data-module-col=\"4\" data-change-color=\"off\" data-backcolor=\"transparent\" data-frontcolor=\"\" data-logocolor=\"\" data-goto-top=\"off\" data-goto-top-spacing=\"0\" data-goto-disable-m=\"off\" data-groupsameheight=\"off\"><div class=\"module-inside group-inside\" style=\"--top-mod: 0px;--bottom-mod: 0px;--top-mod-t: 0px;--bottom-mod-t: 0px;--top-mod-m:0px;--bottom-mod-m:0px;\" ><div id=\"\" class=\"module col-4 module-id-1770835961233 col-offset-0\" data-module-col=\"4\"><div class=\"module-inside single-image-inside module-line\" style=\"--cornerRadius:0px 0px 0px 0px ; --line-border: 3px; --line-spacing: 0px; --line-spacing-m: 0px; --top-mod: 40px;--bottom-mod: 40px;--top-mod-t: 40px;--bottom-mod-t: 40px;--top-mod-m:0px;--bottom-mod-m:40px;\" ><div class=\"single-image-out\"  ><figure class=\"single-image   single-image-full\" no><div class=\"ux-hover-wrap anima-wrap\" style=\"padding-top: 100%;\"><span class=\"ux-hover-wrap-a\"><img decoding=\"async\" alt=\"portraitsM_square-3271\" class=\"single-image-img img1st lazy\" src=\"data:image\/gif;base64,R0lGODlhAQABAIAAAAAAAP\/\/\/yH5BAEAAAAALAAAAAABAAEAAAIBRAA7\" data-src=\"https:\/\/marionremedi.com\/wp-content\/uploads\/2026\/02\/portraitsM_square-3271.jpg\" data-srcset=\"https:\/\/marionremedi.com\/wp-content\/uploads\/2026\/02\/portraitsM_square-3271.jpg 1920w, https:\/\/marionremedi.com\/wp-content\/uploads\/2026\/02\/portraitsM_square-3271-300x300.jpg 300w, https:\/\/marionremedi.com\/wp-content\/uploads\/2026\/02\/portraitsM_square-3271-1024x1024.jpg 1024w, https:\/\/marionremedi.com\/wp-content\/uploads\/2026\/02\/portraitsM_square-3271-150x150.jpg 150w, https:\/\/marionremedi.com\/wp-content\/uploads\/2026\/02\/portraitsM_square-3271-768x768.jpg 768w, https:\/\/marionremedi.com\/wp-content\/uploads\/2026\/02\/portraitsM_square-3271-1536x1536.jpg 1536w, https:\/\/marionremedi.com\/wp-content\/uploads\/2026\/02\/portraitsM_square-3271-350x350.jpg 350w, https:\/\/marionremedi.com\/wp-content\/uploads\/2026\/02\/portraitsM_square-3271-650x650.jpg 650w, https:\/\/marionremedi.com\/wp-content\/uploads\/2026\/02\/portraitsM_square-3271-1000x1000.jpg 1000w\" data-sizes=\"(max-width: 480px) 320px,(max-width: 767px) 500px,(max-width: 1920px) 100vw, 1920px\" width=\"1920\" height=\"1920\" \/><\/span><\/div><\/figure><\/div><\/div><\/div><div id=\"\" class=\"module col-3 module-id-1770835963354\" data-module-col=\"3\"><div class=\"module-inside text-inside\" style=\"--top-mod: 0px;--bottom-mod: 0px;--top-mod-t: 0px;--bottom-mod-t: 0px;--top-mod-m:0px;--bottom-mod-m:20px;\" ><div class=\"text_block_out\"  data-effect=\"standard\" style=\"\"><div class=\"text_block ux-mod-nobg\"><div class=\"text_block_inn\"><div id=\"text-1770835963354\" class=\"text_block_centered text_block_centered_enable_width\"  style=\"\"><p><span style=\"color: #f79d65;\"><a style=\"color: #f79d65;\" href=\"mailto:marion.remedi@gmail.com\">mailto:marion.remedi@gmail.com<\/a><\/span><\/p>\n<p><span style=\"color: #f79d65;\"><a class=\"\" style=\"color: #f79d65;\" href=\"https:\/\/www.linkedin.com\/in\/marionremedi\/\" target=\"_blank\" rel=\"noopener\"><u>Linkedin<\/u><\/a><\/span><\/p><\/div><\/div><\/div><\/div><\/div><\/div><\/div><\/div><div id=\"\" class=\"module col-8 module-id-1770835960634\" data-module-col=\"8\"><div class=\"module-inside text-inside\" style=\"--top-mod: 40px;--bottom-mod: 0px;--top-mod-t: 40px;--bottom-mod-t: 0px;--top-mod-m:20px;--bottom-mod-m:40px;\" ><div class=\"text_block_out\"  data-effect=\"standard\" style=\"\"><div class=\"text_block ux-mod-nobg\"><div class=\"text_block_inn\"><div id=\"text-1770835960634\" class=\"text_block_centered text_block_centered_enable_width\"  style=\"\"><p class=\"font-claude-response-body\"><span style=\"font-family: Lexend;\">Casi dos d\u00e9cadas definiendo la voz de las marcas.&nbsp;<\/span><\/p>\n<p>&nbsp;<\/p>\n<p class=\"font-claude-response-body\"><span style=\"font-family: Lexend;\">20 a\u00f1os pasan r\u00e1pido. Londres. Accor UK. Par\u00eds, R\u00e9union des Mus\u00e9es Nationaux, Auditoire. Grandes cuentas. Renault, Nissan. Despu\u00e9s Barcelona, Tiempo BBDO: cuentas y estrategia: PepsiCo, Bayer. Marcas grandes, estrategias a escala.<\/span><\/p>\n<p>&nbsp;<\/p>\n<p class=\"font-claude-response-body\"><span style=\"font-family: Lexend;\">Un d\u00eda, hizo algo que la mayor\u00eda en el sector puede entender: se fue. Cogi\u00f3 una c\u00e1mara y pas\u00f3 un tiempo en Nepal. No fue un a\u00f1o sab\u00e1tico. Cambi\u00f3 su forma de ver las historias, las personas y lo que realmente importa.<\/span><\/p>\n<p>&nbsp;<\/p>\n<p class=\"font-claude-response-body\"><span style=\"font-family: Lexend;\">A su regreso, cofund\u00f3 THIS, una productora especializada en Brand Content. FC Barcelona, Red Bull, Joseba Cruz y muchos otros, grandes y peque\u00f1os. Aprendi\u00f3 a dar vida a una marca m\u00e1s all\u00e1 del brief, adaptando la estrategia narrativa a distintas escalas sin perder precisi\u00f3n.<\/span><\/p>\n<p>&nbsp;<\/p>\n<p class=\"font-claude-response-body\"><span style=\"font-family: Lexend;\">De ah\u00ed a trabajar como partner estrat\u00e9gico, el paso fue corto. Y es entonces cuando todo encaj\u00f3.&nbsp;<\/span><span style=\"font-family: Lexend;\">Porque esos a\u00f1os entre eventos, publicidad, producci\u00f3n y fotograf\u00eda la formaron personal y profesionalmente. Hoy trabaja con sus clientes para crear marcas singulares, pertinentes, construidas para resistir la presi\u00f3n y la incertidumbre. Porque cree que merecemos marcas con integridad. Marcas que crean valor real a trav\u00e9s de relaciones honestas con las personas y la sociedad, no solo logotipos bonitos e historias bien contadas.<\/span><\/p>\n<p>&nbsp;<\/p>\n<p class=\"font-claude-response-body\"><span style=\"font-family: Lexend;\">Una marca s\u00f3lida sabe por qu\u00e9 existe y c\u00f3mo contar su historia.<\/span><\/p>\n<p>&nbsp;<\/p>\n<p class=\"font-claude-response-body\"><span style=\"font-family: Lexend;\">Cuestiona lo que parece asentado. No para desafiar, sino para clarificar. Porque la curiosidad no es solo donde empieza, es su forma de trabajar.&nbsp;<\/span><\/p>\n<p>&nbsp;<\/p>\n<p><span style=\"font-size: 12px;\">Visite nuestra <a class=\"\" href=\"https:\/\/marionremedi.com\/es\/?page_id=3\" target=\"_blank\" rel=\"noopener\">pol\u00edtica de privacidad<\/a> para conocer c\u00f3mo tratamos sus datos personales.<\/span><\/p><\/div><\/div><\/div><\/div><\/div><\/div><div id=\"\" class=\"module col-12 module-id-1770835967552 bm-wrap row-top row-left bm-wrap-height-auto\" data-module-col=\"12\" data-change-color=\"off\" data-backcolor=\"transparent\" data-frontcolor=\"\" data-logocolor=\"\" data-goto-top=\"off\" data-goto-top-spacing=\"0\" data-goto-disable-m=\"off\" data-groupsameheight=\"off\"><div class=\"module-inside group-inside\" style=\"--top-mod: 0px;--bottom-mod: 0px;--top-mod-t: 0px;--bottom-mod-t: 0px;--top-mod-m:0px;--bottom-mod-m:0px;\" ><\/div><\/div><\/div>","protected":false},"excerpt":{"rendered":"<p>marion.remedi@gmail.com LinkedinMarion has spent over two decades helping brands find &hellip;<\/p>","protected":false},"author":3,"featured_media":0,"parent":0,"menu_order":0,"comment_status":"closed","ping_status":"closed","template":"","meta":{"inline_featured_image":false,"footnotes":""},"class_list":["post-634","page","type-page","status-publish","hentry"],"_links":{"self":[{"href":"https:\/\/marionremedi.com\/es\/wp-json\/wp\/v2\/pages\/634","targetHints":{"allow":["GET"]}}],"collection":[{"href":"https:\/\/marionremedi.com\/es\/wp-json\/wp\/v2\/pages"}],"about":[{"href":"https:\/\/marionremedi.com\/es\/wp-json\/wp\/v2\/types\/page"}],"author":[{"embeddable":true,"href":"https:\/\/marionremedi.com\/es\/wp-json\/wp\/v2\/users\/3"}],"replies":[{"embeddable":true,"href":"https:\/\/marionremedi.com\/es\/wp-json\/wp\/v2\/comments?post=634"}],"version-history":[{"count":3,"href":"https:\/\/marionremedi.com\/es\/wp-json\/wp\/v2\/pages\/634\/revisions"}],"predecessor-version":[{"id":704,"href":"https:\/\/marionremedi.com\/es\/wp-json\/wp\/v2\/pages\/634\/revisions\/704"}],"wp:attachment":[{"href":"https:\/\/marionremedi.com\/es\/wp-json\/wp\/v2\/media?parent=634"}],"curies":[{"name":"wp","href":"https:\/\/api.w.org\/{rel}","templated":true}]}}