{"id":634,"date":"2026-02-12T18:02:20","date_gmt":"2026-02-12T18:02:20","guid":{"rendered":"https:\/\/marionremedi.com\/?page_id=634"},"modified":"2026-04-08T09:32:26","modified_gmt":"2026-04-08T09:32:26","slug":"about-v","status":"publish","type":"page","link":"https:\/\/marionremedi.com\/fr\/about-v\/","title":{"rendered":"About OK"},"content":{"rendered":"<div class=\"bm-builder clearfix\"><div id=\"\" class=\"module col-4 module-id-1770835960891 bm-wrap row-top row-left keep-origin-layout-mobile bm-wrap-height-auto\" data-module-col=\"4\" data-change-color=\"off\" data-backcolor=\"transparent\" data-frontcolor=\"\" data-logocolor=\"\" data-goto-top=\"off\" data-goto-top-spacing=\"0\" data-goto-disable-m=\"off\" data-groupsameheight=\"off\"><div class=\"module-inside group-inside\" style=\"--top-mod: 0px;--bottom-mod: 0px;--top-mod-t: 0px;--bottom-mod-t: 0px;--top-mod-m:0px;--bottom-mod-m:0px;\" ><div id=\"\" class=\"module col-4 module-id-1770835961233 col-offset-0\" data-module-col=\"4\"><div class=\"module-inside single-image-inside module-line\" style=\"--cornerRadius:0px 0px 0px 0px ; --line-border: 3px; --line-spacing: 0px; --line-spacing-m: 0px; --top-mod: 40px;--bottom-mod: 40px;--top-mod-t: 40px;--bottom-mod-t: 40px;--top-mod-m:0px;--bottom-mod-m:40px;\" ><div class=\"single-image-out\"  ><figure class=\"single-image   single-image-full\" no><div class=\"ux-hover-wrap anima-wrap\" style=\"padding-top: 100%;\"><span class=\"ux-hover-wrap-a\"><img decoding=\"async\" alt=\"portraitsM_square-3271\" class=\"single-image-img img1st lazy\" src=\"data:image\/gif;base64,R0lGODlhAQABAIAAAAAAAP\/\/\/yH5BAEAAAAALAAAAAABAAEAAAIBRAA7\" data-src=\"https:\/\/marionremedi.com\/wp-content\/uploads\/2026\/02\/portraitsM_square-3271.jpg\" data-srcset=\"https:\/\/marionremedi.com\/wp-content\/uploads\/2026\/02\/portraitsM_square-3271.jpg 1920w, https:\/\/marionremedi.com\/wp-content\/uploads\/2026\/02\/portraitsM_square-3271-300x300.jpg 300w, https:\/\/marionremedi.com\/wp-content\/uploads\/2026\/02\/portraitsM_square-3271-1024x1024.jpg 1024w, https:\/\/marionremedi.com\/wp-content\/uploads\/2026\/02\/portraitsM_square-3271-150x150.jpg 150w, https:\/\/marionremedi.com\/wp-content\/uploads\/2026\/02\/portraitsM_square-3271-768x768.jpg 768w, https:\/\/marionremedi.com\/wp-content\/uploads\/2026\/02\/portraitsM_square-3271-1536x1536.jpg 1536w, https:\/\/marionremedi.com\/wp-content\/uploads\/2026\/02\/portraitsM_square-3271-350x350.jpg 350w, https:\/\/marionremedi.com\/wp-content\/uploads\/2026\/02\/portraitsM_square-3271-650x650.jpg 650w, https:\/\/marionremedi.com\/wp-content\/uploads\/2026\/02\/portraitsM_square-3271-1000x1000.jpg 1000w\" data-sizes=\"(max-width: 480px) 320px,(max-width: 767px) 500px,(max-width: 1920px) 100vw, 1920px\" width=\"1920\" height=\"1920\" \/><\/span><\/div><\/figure><\/div><\/div><\/div><div id=\"\" class=\"module col-3 module-id-1770835963354\" data-module-col=\"3\"><div class=\"module-inside text-inside\" style=\"--top-mod: 0px;--bottom-mod: 0px;--top-mod-t: 0px;--bottom-mod-t: 0px;--top-mod-m:0px;--bottom-mod-m:20px;\" ><div class=\"text_block_out\"  data-effect=\"standard\" style=\"\"><div class=\"text_block ux-mod-nobg\"><div class=\"text_block_inn\"><div id=\"text-1770835963354\" class=\"text_block_centered text_block_centered_enable_width\"  style=\"\"><p><span style=\"color: #f79d65;\"><a style=\"color: #f79d65;\" href=\"mailto:marion.remedi@gmail.com\">mailto:marion.remedi@gmail.com<\/a><\/span><\/p>\n<p><span style=\"color: #f79d65;\"><a class=\"\" style=\"color: #f79d65;\" href=\"https:\/\/www.linkedin.com\/in\/marionremedi\/\" target=\"_blank\" rel=\"noopener\"><u>Linkedin<\/u><\/a><\/span><\/p><\/div><\/div><\/div><\/div><\/div><\/div><\/div><\/div><div id=\"\" class=\"module col-8 module-id-1770835960634\" data-module-col=\"8\"><div class=\"module-inside text-inside\" style=\"--top-mod: 40px;--bottom-mod: 0px;--top-mod-t: 40px;--bottom-mod-t: 0px;--top-mod-m:20px;--bottom-mod-m:40px;\" ><div class=\"text_block_out\"  data-effect=\"standard\" style=\"\"><div class=\"text_block ux-mod-nobg\"><div class=\"text_block_inn\"><div id=\"text-1770835960634\" class=\"text_block_centered text_block_centered_enable_width\"  style=\"\"><p class=\"font-claude-response-body\"><span style=\"font-family: Lexend;\">Ce que Marion fait depuis pr\u00e8s de vingt ans, c'est donner aux marques une voix qui leur ressemble.&nbsp;<\/span><\/p>\n<p>&nbsp;<\/p>\n<p class=\"font-claude-response-body\"><span style=\"font-family: Lexend;\">20 ans, \u00e7a passe vite. Londres. Accor UK. Paris, R\u00e9union des Mus\u00e9es Nationaux, Auditoire. Grands comptes. Renault, Nissan. Puis Barcelone, Tiempo BBDO : comptes et strat\u00e9gie : PepsiCo, Bayer. De grandes marques, des strat\u00e9gies \u00e0 grande \u00e9chelle.<\/span><\/p>\n<p>&nbsp;<\/p>\n<p class=\"font-claude-response-body\"><span style=\"font-family: Lexend;\">Un jour, elle a fait ce que beaucoup dans le secteur peuvent comprendre : elle est partie. Elle a pris un appareil photo et pass\u00e9 du temps au N\u00e9pal. Ce n'\u00e9tait pas une parenth\u00e8se. Cela a chang\u00e9 sa fa\u00e7on de voir les histoires, les gens et ce qui compte vraiment.<\/span><\/p>\n<p>&nbsp;<\/p>\n<p class=\"font-claude-response-body\"><span style=\"font-family: Lexend;\">\u00c0 son retour, elle a cofond\u00e9 THIS, une maison de production sp\u00e9cialis\u00e9e en Brand Content. FC Barcelone, Red Bull, Joseba Cruz et beaucoup d'autres, grands et petits. Elle a appris \u00e0 donner vie \u00e0 une marque au-del\u00e0 du brief, en adaptant la strat\u00e9gie narrative \u00e0 diff\u00e9rentes \u00e9chelles sans perdre en pr\u00e9cision.<\/span><\/p>\n<p>&nbsp;<\/p>\n<p class=\"font-claude-response-body\"><span style=\"font-family: Lexend;\">Le partenariat strat\u00e9gique s'est impos\u00e9. C'est l\u00e0 que tout a pris sens.&nbsp;<\/span><span style=\"font-family: Lexend;\">Parce que ces ann\u00e9es entre \u00e9v\u00e9nementiel, publicit\u00e9, production et photographie l'ont fa\u00e7onn\u00e9e, personnellement et professionnellement. Aujourd'hui, elle travaille avec ses clients pour cr\u00e9er des marques singuli\u00e8res, pertinentes, construites pour r\u00e9sister \u00e0 la pression et \u00e0 l'incertitude. Parce qu'elle croit que nous m\u00e9ritons des marques int\u00e8gres. Des marques qui cr\u00e9ent de la valeur r\u00e9elle \u00e0 travers des relations honn\u00eates avec les gens et la soci\u00e9t\u00e9, pas seulement de jolis logos et de belles histoires.<\/span><\/p>\n<p>&nbsp;<\/p>\n<p class=\"font-claude-response-body\"><span style=\"font-family: Lexend;\">Une marque solide sait pourquoi elle existe et comment raconter son histoire.<\/span><\/p>\n<p>&nbsp;<\/p>\n<p class=\"font-claude-response-body\"><span style=\"font-family: Lexend;\">Elle questionne ce qui semble acquis. Pas pour provoquer, mais pour clarifier. Parce que la curiosit\u00e9 n'est pas seulement son point de d\u00e9part, c'est sa fa\u00e7on de travailler.&nbsp;<\/span><\/p>\n<p>&nbsp;<\/p>\n<p><span style=\"font-size: 12px;\">Consultez notre <a class=\"\" href=\"https:\/\/marionremedi.com\/fr\/?page_id=3\" target=\"_blank\" rel=\"noopener\">politique de confidentialit\u00e9<\/a> pour savoir comment nous traitons vos donn\u00e9es personnelles.<\/span><\/p><\/div><\/div><\/div><\/div><\/div><\/div><div id=\"\" class=\"module col-12 module-id-1770835967552 bm-wrap row-top row-left bm-wrap-height-auto\" data-module-col=\"12\" data-change-color=\"off\" data-backcolor=\"transparent\" data-frontcolor=\"\" data-logocolor=\"\" data-goto-top=\"off\" data-goto-top-spacing=\"0\" data-goto-disable-m=\"off\" data-groupsameheight=\"off\"><div class=\"module-inside group-inside\" style=\"--top-mod: 0px;--bottom-mod: 0px;--top-mod-t: 0px;--bottom-mod-t: 0px;--top-mod-m:0px;--bottom-mod-m:0px;\" ><\/div><\/div><\/div>","protected":false},"excerpt":{"rendered":"<p>marion.remedi@gmail.com LinkedinMarion has spent over two decades helping brands find &hellip;<\/p>","protected":false},"author":3,"featured_media":0,"parent":0,"menu_order":0,"comment_status":"closed","ping_status":"closed","template":"","meta":{"inline_featured_image":false,"footnotes":""},"class_list":["post-634","page","type-page","status-publish","hentry"],"_links":{"self":[{"href":"https:\/\/marionremedi.com\/fr\/wp-json\/wp\/v2\/pages\/634","targetHints":{"allow":["GET"]}}],"collection":[{"href":"https:\/\/marionremedi.com\/fr\/wp-json\/wp\/v2\/pages"}],"about":[{"href":"https:\/\/marionremedi.com\/fr\/wp-json\/wp\/v2\/types\/page"}],"author":[{"embeddable":true,"href":"https:\/\/marionremedi.com\/fr\/wp-json\/wp\/v2\/users\/3"}],"replies":[{"embeddable":true,"href":"https:\/\/marionremedi.com\/fr\/wp-json\/wp\/v2\/comments?post=634"}],"version-history":[{"count":3,"href":"https:\/\/marionremedi.com\/fr\/wp-json\/wp\/v2\/pages\/634\/revisions"}],"predecessor-version":[{"id":704,"href":"https:\/\/marionremedi.com\/fr\/wp-json\/wp\/v2\/pages\/634\/revisions\/704"}],"wp:attachment":[{"href":"https:\/\/marionremedi.com\/fr\/wp-json\/wp\/v2\/media?parent=634"}],"curies":[{"name":"wp","href":"https:\/\/api.w.org\/{rel}","templated":true}]}}