{"id":996,"date":"2026-03-30T09:20:13","date_gmt":"2026-03-30T09:20:13","guid":{"rendered":"https:\/\/marionremedi.com\/?page_id=996"},"modified":"2026-03-30T09:23:29","modified_gmt":"2026-03-30T09:23:29","slug":"new-home","status":"publish","type":"page","link":"https:\/\/marionremedi.com\/fr\/","title":{"rendered":"NEW HOME"},"content":{"rendered":"<div class=\"bm-builder clearfix\"><div id=\"\" class=\"module col-0 module-id-1774019849255 bm-wrap row-top row-left bm-force-full\" data-module-col=\"0\" data-change-color=\"off\" data-backcolor=\"transparent\" data-frontcolor=\"\" data-logocolor=\"\" data-goto-top=\"off\" data-goto-top-spacing=\"0\" data-goto-disable-m=\"off\" data-groupsameheight=\"off\"><div class=\"module-inside group-inside\" style=\"--cornerRadius:0px 0px 0px 0px ; --top-mod: 0px;--bottom-mod: 0px;--top-mod-t: 0px;--bottom-mod-t: 0px;--top-mod-m:0px;--bottom-mod-m:0px;\" ><div class=\"background-video\" style=\"--maskOpacity:0.00000001;--maskColor:#000000;\"><video style=\"\" class=\"lazy\" loop autoplay muted playsinline><source data-src=\"https:\/\/marionremedi.com\/wp-content\/uploads\/2026\/03\/ONLINE-Marion-ALTA.mp4\" type=\"video\/mp4\"><\/video><\/div><\/div><\/div><div id=\"\" class=\"module col-12 module-id-1774023069884 bm-wrap row-top row-left bm-force-full bm-wrap-height-auto\" data-module-col=\"12\" data-change-color=\"off\" data-backcolor=\"transparent\" data-frontcolor=\"\" data-logocolor=\"\" data-goto-top=\"off\" data-goto-top-spacing=\"0\" data-goto-disable-m=\"off\" data-groupsameheight=\"off\"><div class=\"module-inside group-inside\" style=\"--top-mod: 0px;--bottom-mod: 0px;--top-mod-t: 0px;--bottom-mod-t: 0px;--top-mod-m:0px;--bottom-mod-m:0px;\" ><\/div><\/div><div id=\"\" class=\"module col-12 module-id-1774023061224 bm-wrap row-middle row-left bm-wrap-height-auto col-offset-0\" data-module-col=\"12\" data-change-color=\"off\" data-backcolor=\"transparent\" data-frontcolor=\"\" data-logocolor=\"\" data-goto-top=\"off\" data-goto-top-spacing=\"0\" data-goto-disable-m=\"off\" data-groupsameheight=\"off\"><div class=\"module-inside group-inside\" style=\"--top-mod: 60px;--bottom-mod: 0px;--top-mod-t: 60px;--bottom-mod-t: 0px;--top-mod-m:70px;--bottom-mod-m:0px;\" ><div id=\"\" class=\"module col-11 module-id-1774023061615 col-offset-1\" data-module-col=\"11\"><div class=\"module-inside text-inside\" style=\"--top-mod: 0px;--bottom-mod: 0px;--top-mod-t: 0px;--bottom-mod-t: 0px;--top-mod-m:0px;--bottom-mod-m:30px;\" ><div class=\"text_block_out\"  data-effect=\"standard\" style=\"\"><div class=\"text_block ux-mod-nobg\"><div class=\"text_block_inn\"><div id=\"text-1774023061615\" class=\"text_block_centered text_block_centered_enable_width\"  style=\"\"><h2><span style=\"font-size: 96px; line-height: 1.5; font-family: Lexend; color: #796fff;\" data-tsize=\"50px\" data-msize=\"44px\">Marion R\u00e9m\u00e9di<\/span><\/h2><\/div><\/div><\/div><\/div><\/div><\/div><div id=\"\" class=\"module col-12 module-id-1775652697828 col-offset-1\" data-module-col=\"12\"><div class=\"module-inside text-inside\" style=\"--top-mod: 0px;--bottom-mod: 0px;--top-mod-t: 0px;--bottom-mod-t: 0px;--top-mod-m:0px;--bottom-mod-m:0px;\" ><div class=\"text_block_out\"  data-effect=\"standard\" style=\"\"><div class=\"text_block ux-mod-nobg\"><div class=\"text_block_inn\"><div id=\"text-1775652697828\" class=\"text_block_centered text_block_centered_enable_width\"  style=\"\"><p><span style=\"font-size: 22px; line-height: 1.5; font-family: Lexend;\"><em>&nbsp; &nbsp; &nbsp; Strat\u00e9gie de marque et r\u00e9cit pour les organisations en transformation<\/em><\/span><\/p><\/div><\/div><\/div><\/div><\/div><\/div><\/div><\/div><div id=\"\" class=\"module col-12 module-id-1774025566312 bm-wrap row-top row-left bm-wrap-height-auto col-offset-1\" data-module-col=\"12\" data-change-color=\"off\" data-backcolor=\"transparent\" data-frontcolor=\"\" data-logocolor=\"\" data-goto-top=\"off\" data-goto-top-spacing=\"0\" data-goto-disable-m=\"off\" data-groupsameheight=\"off\"><div class=\"module-inside group-inside\" style=\"--cornerRadius:0px 0px 0px 0px ; --top-mod: 0px;--bottom-mod: 20px;--top-mod-t: 0px;--bottom-mod-t: 20px;--top-mod-m:0px;--bottom-mod-m:10px;\" ><div id=\"\" class=\"module col-7 module-id-1774025566791 col-offset-0\" data-module-col=\"7\"><div class=\"module-inside text-inside prarallaxEnable\" style=\"--traksX:translateX(0px); --traksXM:translateX(0px); --traksY:translateY(0px); --traksYM:translateY(0px); --SkewYne:skewY(-2deg); --SkewYneM:skewY(-1deg); --SkewY:skewY(0deg); --SkewYM:skewY(0deg); --SkewX:skewX(0deg); --SkewXM:skewX(0deg); --scale:scale(1); --scaleM:scale(1); --rotate:rotate(0deg); --rotateM:rotate(0deg); --top-mod: 60px;--bottom-mod: 0px;--top-mod-t: 60px;--bottom-mod-t: 0px;--top-mod-m:30px;--bottom-mod-m:0px;\" data-parallax-start=\"70%\"><div class=\"text_block_out\"  data-effect=\"standard\" style=\"\"><div class=\"text_block ux-mod-nobg\"><div class=\"text_block_inn\"><div id=\"text-1774025566791\" class=\"text_block_centered text_block_centered_enable_width\"  style=\"\"><p><span style=\"font-family: Lexend; font-size: 18px;\">Je construis des strat\u00e9gies de marque et les transforme en r\u00e9cits qui s'imposent, pour que la marque parle d'une seule voix, reconnaissable et m\u00e9morable. <\/span><\/p>\n<p>&nbsp;<\/p>\n<p><span style=\"font-size: 18px;\"><span style=\"font-family: Lexend;\">Le travail est concret et honn\u00eate. <\/span><\/span><span style=\"font-size: 18px;\"><span style=\"font-family: Lexend;\">De l'int\u00e9rieur, au plus pr\u00e8s des personnes qui connaissent le mieux l'activit\u00e9, avec rigueur et sensibilit\u00e9 cr\u00e9ative. En posant les questions que personne n'avait pens\u00e9 \u00e0 poser, jusqu'\u00e0 ce que la strat\u00e9gie repose sur quelque chose de r\u00e9el et que la marque puisse tenir sur ses propres fondations.<\/span><\/span><\/p>\n<p>&nbsp;<\/p>\n<p><span style=\"font-family: Lexend; font-size: 18px;\">Organisations priv\u00e9es et publiques, marques \u00e9tablies et projets \u00e9mergents. Food &amp; beverage, sport, sant\u00e9, retail, industrie et secteur non lucratif. <\/span><span style=\"font-family: Lexend; font-size: 18px;\">Bas\u00e9e entre Barcelone et Paris<\/span><\/p>\n<p><span style=\"font-family: Lexend;\"><!-- notionvc: c84f3990-e3d9-4277-8899-48c196ecdc5b --><\/span><\/p><\/div><\/div><\/div><\/div><\/div><\/div><\/div><\/div><div id=\"\" class=\"module col-11 module-id-1774857157994 col-offset-1\" data-module-col=\"11\"><div class=\"module-inside divide-inside\" style=\"--top-mod: 40px;--bottom-mod: 0px;--top-mod-t: 40px;--bottom-mod-t: 0px;--top-mod-m:20px;--bottom-mod-m:0px;\" ><div class=\"sea-divide divide-line ux-mod-nobg\" ><\/div><\/div><\/div><div id=\"\" class=\"module col-11 module-id-1774856190759 bm-wrap row-top row-left bm-wrap-height-auto col-offset-1\" data-module-col=\"11\" data-change-color=\"off\" data-backcolor=\"transparent\" data-frontcolor=\"\" data-logocolor=\"\" data-goto-top=\"off\" data-goto-top-spacing=\"0\" data-goto-disable-m=\"off\" data-groupsameheight=\"off\"><div class=\"module-inside group-inside\" style=\"--cornerRadius:0px 0px 0px 0px ; --top-mod: 20px;--bottom-mod: 0px;--top-mod-t: 20px;--bottom-mod-t: 0px;--top-mod-m:10px;--bottom-mod-m:0px;\" ><div id=\"\" class=\"module col-5 module-id-1774855445941\" data-module-col=\"5\"><div class=\"module-inside text-inside\" style=\"--top-mod: 0px;--bottom-mod: 0px;--top-mod-t: 0px;--bottom-mod-t: 0px;--top-mod-m:0px;--bottom-mod-m:0px;\" ><div class=\"text_block_out\"  data-effect=\"standard\" style=\"\"><div class=\"text_block ux-mod-nobg\"><div class=\"text_block_inn\"><div id=\"text-1774855445941\" class=\"text_block_centered text_block_centered_enable_width\"  style=\"\"><p><span style=\"font-family: Lexend; font-size: 30px;\" data-tsize=\"26px\"><em>La strat\u00e9gie de marque est l'un de ces termes que tout le monde utilise et que personne ne d\u00e9finit de la m\u00eame fa\u00e7on. <\/em><\/span><\/p><\/div><\/div><\/div><\/div><\/div><\/div><div id=\"\" class=\"module col-5 module-id-1774857285960 col-offset-1\" data-module-col=\"5\"><div class=\"module-inside text-inside\" style=\"--top-mod: 0px;--bottom-mod: 0px;--top-mod-t: 0px;--bottom-mod-t: 0px;--top-mod-m:0px;--bottom-mod-m:0px;\" ><div class=\"text_block_out\"  data-effect=\"standard\" style=\"\"><div class=\"text_block ux-mod-nobg\"><div class=\"text_block_inn\"><div id=\"text-1774857285960\" class=\"text_block_centered text_block_centered_enable_width\"  style=\"\"><p><span style=\"font-family: Poppins; font-size: 18px;\"><em>Voici comment je la con\u00e7ois.<\/em><\/span><\/p>\n<p><span style=\"font-family: Lexend; color: #796fff; font-size: 18px;\" data-tsize=\"26px\">EXPERTISE \u2192<\/span><\/p><\/div><\/div><\/div><\/div><\/div><\/div><\/div><\/div><div id=\"\" class=\"module col-5 module-id-1774857598279ibNm6 bm-wrap row-top row-left bm-wrap-height-auto col-offset-7\" data-module-col=\"5\" data-change-color=\"off\" data-backcolor=\"transparent\" data-frontcolor=\"\" data-logocolor=\"\" data-goto-top=\"off\" data-goto-top-spacing=\"0\" data-goto-disable-m=\"off\" data-groupsameheight=\"off\"><div class=\"module-inside group-inside\" style=\"--cornerRadius:0px 0px 0px 0px ; --top-mod: 0px;--bottom-mod: 0px;--top-mod-t: 0px;--bottom-mod-t: 0px;--top-mod-m:0px;--bottom-mod-m:0px;\" ><div id=\"\" class=\"module col-5 module-id-1774857599447vNmQM\" data-module-col=\"5\"><div class=\"module-inside text-inside\" style=\"--top-mod: 0px;--bottom-mod: 0px;--top-mod-t: 0px;--bottom-mod-t: 0px;--top-mod-m:0px;--bottom-mod-m:0px;\" ><div class=\"text_block_out\"  data-effect=\"standard\" style=\"\"><div class=\"text_block ux-mod-nobg\"><div class=\"text_block_inn\"><div id=\"text-1774857599447vNmQM\" class=\"text_block_centered text_block_centered_enable_width\"  style=\"\"><p><span style=\"font-family: Poppins; font-size: 18px;\"><em>De la clart\u00e9 na\u00eet l'impact. D\u00e9couvrez le travail.<\/em><\/span><\/p>\n<p><span style=\"font-family: Lexend; color: #796fff; font-size: 18px;\" data-tsize=\"26px\">SELECTED WORK\u2192<\/span><\/p><\/div><\/div><\/div><\/div><\/div><\/div><\/div><\/div><div id=\"\" class=\"module col-11 module-id-1774858171772wUBC3 col-offset-1\" data-module-col=\"11\"><div class=\"module-inside divide-inside\" style=\"--top-mod: 20px;--bottom-mod: 0px;--top-mod-t: 20px;--bottom-mod-t: 0px;--top-mod-m:10px;--bottom-mod-m:0px;\" ><div class=\"sea-divide divide-line ux-mod-nobg\" ><\/div><\/div><\/div><div id=\"\" class=\"module col-12 module-id-1775652414103 bm-wrap row-top row-left bm-wrap-height-auto col-offset-1\" data-module-col=\"12\" data-change-color=\"off\" data-backcolor=\"transparent\" data-frontcolor=\"\" data-logocolor=\"\" data-goto-top=\"off\" data-goto-top-spacing=\"0\" data-goto-disable-m=\"off\" data-groupsameheight=\"off\"><div class=\"module-inside group-inside\" style=\"--cornerRadius:0px 0px 0px 0px ; --top-mod: 40px;--bottom-mod: 0px;--top-mod-t: 40px;--bottom-mod-t: 0px;--top-mod-m:20px;--bottom-mod-m:0px;\" ><div id=\"\" class=\"module col-7 module-id-1775652414344\" data-module-col=\"7\"><div class=\"module-inside text-inside\" style=\"--top-mod: 0px;--bottom-mod: 0px;--top-mod-t: 0px;--bottom-mod-t: 0px;--top-mod-m:0px;--bottom-mod-m:0px;\" ><div class=\"text_block_out\"  data-effect=\"standard\" style=\"\"><div class=\"text_block ux-mod-nobg\"><div class=\"text_block_inn\"><div id=\"text-1775652414344\" class=\"text_block_centered text_block_centered_enable_width\"  style=\"\"><p><span style=\"font-size: 30px;color: #796fff\">Vous lisez encore ?<\/span><br><span style=\"font-size: 18px\">C'est probablement qu'on devrait se parler. Pas de formulaire, pas de tunnel. Choisissez un cr\u00e9neau, dites-moi ce qui se passe. Je vous dis ce qui a du sens. 20 minutes, sans engagement, sans discours commercial.<\/span><\/p><\/div><\/div><\/div><\/div><\/div><\/div><div id=\"\" class=\"module col-3 module-id-1775652414487 col-offset-1\" data-module-col=\"3\"><div class=\"module-inside button-inside\" style=\"--top-mod: 80px;--bottom-mod: 0px;--top-mod-t: 80px;--bottom-mod-t: 0px;--top-mod-m:40px;--bottom-mod-m:0px;\" ><div class=\"btn-mod-wrap btn-1775652414487 btn-left btn-left-m ux-horizontal ux-btn-wrap-regular\" style=\"\"><a class=\"ux-btn ux-btn-a-0 ux-cb-btn-1775652414487_0 fadeInM\" style=\"--fontsizeBtn: 16px;--fontsizeBtnT: 16px;--fontsizeBtnM: 14px;--lineHeightBtn: 1.5;--letterSpacingBtn: normal;\" href=\"https:\/\/koalendar.com\/u\/marion-remedi\" target=\"_self\" rel=\" \" ><span class=\"ux-btn-text-wrap\"><span class=\"ux-btn-text\">On en parle \u2192<\/span><\/span><\/a><\/div><\/div><\/div><\/div><\/div><\/div>","protected":false},"excerpt":{"rendered":"<p>Marion R\u00e9m\u00e9di&nbsp; &nbsp; &nbsp; Strategic partner for brands in transformationI &hellip;<\/p>","protected":false},"author":3,"featured_media":0,"parent":0,"menu_order":0,"comment_status":"closed","ping_status":"closed","template":"","meta":{"inline_featured_image":false,"footnotes":""},"class_list":["post-996","page","type-page","status-publish","hentry"],"_links":{"self":[{"href":"https:\/\/marionremedi.com\/fr\/wp-json\/wp\/v2\/pages\/996","targetHints":{"allow":["GET"]}}],"collection":[{"href":"https:\/\/marionremedi.com\/fr\/wp-json\/wp\/v2\/pages"}],"about":[{"href":"https:\/\/marionremedi.com\/fr\/wp-json\/wp\/v2\/types\/page"}],"author":[{"embeddable":true,"href":"https:\/\/marionremedi.com\/fr\/wp-json\/wp\/v2\/users\/3"}],"replies":[{"embeddable":true,"href":"https:\/\/marionremedi.com\/fr\/wp-json\/wp\/v2\/comments?post=996"}],"version-history":[{"count":1,"href":"https:\/\/marionremedi.com\/fr\/wp-json\/wp\/v2\/pages\/996\/revisions"}],"predecessor-version":[{"id":1062,"href":"https:\/\/marionremedi.com\/fr\/wp-json\/wp\/v2\/pages\/996\/revisions\/1062"}],"wp:attachment":[{"href":"https:\/\/marionremedi.com\/fr\/wp-json\/wp\/v2\/media?parent=996"}],"curies":[{"name":"wp","href":"https:\/\/api.w.org\/{rel}","templated":true}]}}